{"id":7513,"date":"2017-12-12T21:00:24","date_gmt":"2017-12-12T23:00:24","guid":{"rendered":"https:\/\/www.if.ufrgs.br\/novocref\/?page_id=7513"},"modified":"2017-12-12T21:00:24","modified_gmt":"2017-12-12T23:00:24","slug":"cadastro","status":"publish","type":"page","link":"https:\/\/cref.if.ufrgs.br\/?page_id=7513","title":{"rendered":"Cadastro"},"content":{"rendered":"<p>Se for do seu interesse receber informa\u00e7\u00f5es sobre eventos relacionados ao ensino de F\u00edsica, especialmente de n\u00edvel m\u00e9dio e fundamental, cadastre-se\u00a0<a href=\"https:\/\/grupos.ufrgs.br\/mailman\/listinfo\/fis-profisica\" target=\"blank\">aqui<\/a>.<\/p>\n","protected":false},"excerpt":{"rendered":"<p>Se for do seu interesse receber informa\u00e7\u00f5es sobre eventos relacionados ao ensino de F\u00edsica, especialmente de n\u00edvel m\u00e9dio e fundamental, cadastre-se\u00a0aqui.<\/p>\n","protected":false},"author":1,"featured_media":0,"parent":0,"menu_order":0,"comment_status":"closed","ping_status":"closed","template":"","meta":{"footnotes":""},"class_list":["post-7513","page","type-page","status-publish","hentry"],"jetpack_sharing_enabled":true,"jetpack_shortlink":"https:\/\/wp.me\/P8B8g0-1Xb","jetpack-related-posts":[],"_links":{"self":[{"href":"https:\/\/cref.if.ufrgs.br\/index.php?rest_route=\/wp\/v2\/pages\/7513","targetHints":{"allow":["GET"]}}],"collection":[{"href":"https:\/\/cref.if.ufrgs.br\/index.php?rest_route=\/wp\/v2\/pages"}],"about":[{"href":"https:\/\/cref.if.ufrgs.br\/index.php?rest_route=\/wp\/v2\/types\/page"}],"author":[{"embeddable":true,"href":"https:\/\/cref.if.ufrgs.br\/index.php?rest_route=\/wp\/v2\/users\/1"}],"replies":[{"embeddable":true,"href":"https:\/\/cref.if.ufrgs.br\/index.php?rest_route=%2Fwp%2Fv2%2Fcomments&post=7513"}],"version-history":[{"count":1,"href":"https:\/\/cref.if.ufrgs.br\/index.php?rest_route=\/wp\/v2\/pages\/7513\/revisions"}],"predecessor-version":[{"id":7514,"href":"https:\/\/cref.if.ufrgs.br\/index.php?rest_route=\/wp\/v2\/pages\/7513\/revisions\/7514"}],"wp:attachment":[{"href":"https:\/\/cref.if.ufrgs.br\/index.php?rest_route=%2Fwp%2Fv2%2Fmedia&parent=7513"}],"curies":[{"name":"wp","href":"https:\/\/api.w.org\/{rel}","templated":true}]}}