{"id":7505,"date":"2017-12-08T13:45:52","date_gmt":"2017-12-08T15:45:52","guid":{"rendered":"https:\/\/www.if.ufrgs.br\/novocref\/?page_id=7505"},"modified":"2022-10-18T12:50:02","modified_gmt":"2022-10-18T15:50:02","slug":"videos","status":"publish","type":"page","link":"https:\/\/cref.if.ufrgs.br\/?page_id=7505","title":{"rendered":"CREF no YouTube!"},"content":{"rendered":"<p style=\"text-align: left;\">Veja aqui v\u00eddeos sobre temas instigantes tratados aqui no CREF! Para acessar a playlist completa, <a href=\"https:\/\/www.youtube.com\/playlist?list=PLrWJWW0plIKaI7jsJjrPbFoLRn8Yg7AfQ\" target=\"_blank\" rel=\"noopener noreferrer\">clique aqui<\/a>. Os v\u00eddeos foram confeccionados com a colabora\u00e7\u00e3o do prof. Eloir De Carli, do Instituto Federal de Educa\u00e7\u00e3o, Ci\u00eancia e Tecnologia do Rio Grande do Sul (IFRS), Campus Feliz.<\/p>\n<p><iframe loading=\"lazy\" src=\"https:\/\/www.youtube.com\/embed\/1v7nPhoD764\" allowfullscreen=\"allowfullscreen\" width=\"560\" height=\"315\" frameborder=\"0\"><\/iframe><br \/>\n<iframe loading=\"lazy\" src=\"https:\/\/www.youtube.com\/embed\/T2hItEkRdtc\" allowfullscreen=\"allowfullscreen\" width=\"560\" height=\"315\" frameborder=\"0\"><\/iframe><br \/>\n<iframe loading=\"lazy\" src=\"https:\/\/www.youtube.com\/embed\/uZzFSAU_PzQ\" allowfullscreen=\"allowfullscreen\" width=\"560\" height=\"315\" frameborder=\"0\"><\/iframe><br \/>\n<iframe loading=\"lazy\" src=\"https:\/\/www.youtube.com\/embed\/2B3XVddwKAA\" allowfullscreen=\"allowfullscreen\" width=\"560\" height=\"315\" frameborder=\"0\"><\/iframe> <iframe loading=\"lazy\" src=\"https:\/\/www.youtube.com\/embed\/HRRuKW3hQZs\" allowfullscreen=\"allowfullscreen\" width=\"560\" height=\"315\" frameborder=\"0\"><\/iframe> <iframe loading=\"lazy\" src=\"https:\/\/www.youtube.com\/embed\/e8066p9hEUU\" allowfullscreen=\"allowfullscreen\" width=\"560\" height=\"315\" frameborder=\"0\"><\/iframe> <iframe loading=\"lazy\" src=\"https:\/\/www.youtube.com\/embed\/4q_MZprK9QE\" allowfullscreen=\"allowfullscreen\" width=\"560\" height=\"315\" frameborder=\"0\"><\/iframe><br \/>\n<iframe loading=\"lazy\" src=\"https:\/\/www.youtube.com\/embed\/FvBXHj1WyB4\" allowfullscreen=\"allowfullscreen\" width=\"560\" height=\"315\" frameborder=\"0\"><\/iframe><br \/>\n<iframe loading=\"lazy\" src=\"https:\/\/www.youtube.com\/embed\/w6AYqi05RdM\" allowfullscreen=\"allowfullscreen\" width=\"560\" height=\"315\" frameborder=\"0\"><\/iframe><br \/>\n<iframe loading=\"lazy\" src=\"https:\/\/www.youtube.com\/embed\/t6PBezAwGXQ\" allowfullscreen=\"allowfullscreen\" width=\"560\" height=\"315\" frameborder=\"0\"><\/iframe><br \/>\n<iframe loading=\"lazy\" src=\"https:\/\/www.youtube.com\/embed\/WrIVNownXfE\" allowfullscreen=\"allowfullscreen\" width=\"560\" height=\"315\" frameborder=\"0\"><\/iframe><br \/>\n<iframe loading=\"lazy\" src=\"https:\/\/www.youtube.com\/embed\/quQinCVJHzY\" allowfullscreen=\"allowfullscreen\" width=\"560\" height=\"315\" frameborder=\"0\"><\/iframe><br \/>\n<iframe loading=\"lazy\" src=\"https:\/\/www.youtube.com\/embed\/oMFD2jMG6_4\" allowfullscreen=\"allowfullscreen\" width=\"560\" height=\"315\" frameborder=\"0\"><\/iframe><br \/>\n<iframe loading=\"lazy\" src=\"https:\/\/www.youtube.com\/embed\/uV3OGWQnRiA\" allowfullscreen=\"allowfullscreen\" width=\"560\" height=\"315\" frameborder=\"0\"><\/iframe><br \/>\n<iframe loading=\"lazy\" src=\"https:\/\/www.youtube.com\/embed\/FTc0O4iTEWc\" allowfullscreen=\"allowfullscreen\" width=\"560\" height=\"315\" frameborder=\"0\"><\/iframe><br \/>\n<iframe loading=\"lazy\" src=\"https:\/\/www.youtube.com\/embed\/22ediKKmmVA\" allowfullscreen=\"allowfullscreen\" width=\"560\" height=\"315\" frameborder=\"0\"><\/iframe><\/p>\n<p style=\"text-align: left;\"><iframe loading=\"lazy\" src=\"https:\/\/www.youtube.com\/embed\/YyI6fJ0Z-MI\" allowfullscreen=\"allowfullscreen\" width=\"560\" height=\"315\" frameborder=\"0\"><\/iframe><\/p>\n<p style=\"text-align: left;\"><iframe loading=\"lazy\" src=\"https:\/\/www.youtube.com\/embed\/_Jg_ZRp13sY\" allowfullscreen=\"allowfullscreen\" width=\"560\" height=\"315\" frameborder=\"0\"><\/iframe><\/p>\n<p style=\"text-align: left;\"><iframe loading=\"lazy\" src=\"https:\/\/www.youtube.com\/embed\/Obgz6003iFI\" allowfullscreen=\"allowfullscreen\" width=\"560\" height=\"315\" frameborder=\"0\"><\/iframe><\/p>\n<p style=\"text-align: left;\"><iframe loading=\"lazy\" src=\"https:\/\/www.youtube.com\/embed\/0ee9i_w2TWU\" allowfullscreen=\"allowfullscreen\" width=\"560\" height=\"315\" frameborder=\"0\"><\/iframe><\/p>\n<p style=\"text-align: left;\"><iframe loading=\"lazy\" src=\"https:\/\/www.youtube.com\/embed\/NOZXxOjjKNI\" allowfullscreen=\"allowfullscreen\" width=\"560\" height=\"315\" frameborder=\"0\"><\/iframe><\/p>\n<p style=\"text-align: left;\"><iframe loading=\"lazy\" src=\"https:\/\/www.youtube.com\/embed\/P97BLexjHss\" allowfullscreen=\"allowfullscreen\" width=\"560\" height=\"315\" frameborder=\"0\"><\/iframe><\/p>\n<p style=\"text-align: left;\"><iframe loading=\"lazy\" src=\"https:\/\/www.youtube.com\/embed\/ZgoqWYu2AuY\" allowfullscreen=\"allowfullscreen\" width=\"560\" height=\"315\" frameborder=\"0\"><\/iframe><\/p>\n<p style=\"text-align: left;\"><iframe loading=\"lazy\" src=\"https:\/\/www.youtube.com\/embed\/qwdWRqHuLrs\" allowfullscreen=\"allowfullscreen\" width=\"560\" height=\"315\" frameborder=\"0\"><\/iframe><\/p>\n<p style=\"text-align: left;\"><iframe loading=\"lazy\" src=\"https:\/\/www.youtube.com\/embed\/PHdYT7eiyI8\" allowfullscreen=\"allowfullscreen\" width=\"560\" height=\"315\" frameborder=\"0\"><\/iframe><\/p>\n<p style=\"text-align: left;\"><iframe loading=\"lazy\" src=\"https:\/\/www.youtube.com\/embed\/xUXcoA39Qm0\" allowfullscreen=\"allowfullscreen\" width=\"560\" height=\"315\" frameborder=\"0\"><\/iframe><\/p>\n<p style=\"text-align: left;\"><iframe loading=\"lazy\" src=\"https:\/\/www.youtube.com\/embed\/I1jQWKwlAnM\" allowfullscreen=\"allowfullscreen\" width=\"560\" height=\"315\" frameborder=\"0\"><\/iframe><\/p>\n<p style=\"text-align: left;\"><iframe loading=\"lazy\" src=\"https:\/\/www.youtube.com\/embed\/KW0FnlSVvEg\" allowfullscreen=\"allowfullscreen\" width=\"560\" height=\"315\" frameborder=\"0\"><\/iframe><\/p>\n<p><iframe loading=\"lazy\" src=\"https:\/\/www.youtube.com\/embed\/DO7MVX5itOE\" allowfullscreen=\"allowfullscreen\" width=\"560\" height=\"315\" frameborder=\"0\"><\/iframe><\/p>\n","protected":false},"excerpt":{"rendered":"<p>Veja aqui v\u00eddeos sobre temas instigantes tratados aqui no CREF! Para acessar a playlist completa, clique aqui. Os v\u00eddeos foram confeccionados com a colabora\u00e7\u00e3o do prof. Eloir De Carli, do Instituto Federal de Educa\u00e7\u00e3o, Ci\u00eancia e Tecnologia do Rio Grande do Sul (IFRS), Campus Feliz.<\/p>\n","protected":false},"author":1,"featured_media":0,"parent":0,"menu_order":0,"comment_status":"closed","ping_status":"closed","template":"","meta":{"footnotes":""},"class_list":["post-7505","page","type-page","status-publish","hentry"],"jetpack_sharing_enabled":true,"jetpack_shortlink":"https:\/\/wp.me\/P8B8g0-1X3","jetpack-related-posts":[{"id":242,"url":"https:\/\/cref.if.ufrgs.br\/?page_id=242","url_meta":{"origin":7505,"position":0},"title":"\u00cdndice de V\u00eddeos","author":"admin","date":"26 de abril de 2017","format":false,"excerpt":"CREF no YouTube O CREF est\u00e1 no YouTube. Veja mais em: https:\/\/www.if.ufrgs.br\/novocref\/?page_id=7505. Palestras dos Encontros Estaduais de Ensino de F\u00edsica (EEEF\u00eds-RS) V\u00eddeos das palestras do VII EEEF\u00eds-RS: Clique aqui.V\u00eddeos das palestras do VIII EEEF\u00eds-RS: Clique aqui. Palestras (em avi) Aten\u00e7\u00e3o: se deseja salvar os v\u00eddeos, clique com o bot\u00e3o direito\u2026","rel":"","context":"Post similar","block_context":{"text":"Post similar","link":""},"img":{"alt_text":"","src":"","width":0,"height":0},"classes":[]},{"id":81,"url":"https:\/\/cref.if.ufrgs.br\/?page_id=81","url_meta":{"origin":7505,"position":1},"title":"Apresenta\u00e7\u00e3o","author":"admin","date":"19 de abril de 2017","format":false,"excerpt":"Com quase 17 anos de atividades, o Centro de Refer\u00eancia em Ensino de F\u00edsica (CREF) foi criado como uma institui\u00e7\u00e3o vinculada com a sala de aula de F\u00edsica e voltada para forma\u00e7\u00e3o inicial e continuada de professores. Ao longo dos anos, o Centro, preocupado com a moderniza\u00e7\u00e3o dos recursos implementados\u2026","rel":"","context":"Post similar","block_context":{"text":"Post similar","link":""},"img":{"alt_text":"","src":"","width":0,"height":0},"classes":[]},{"id":7513,"url":"https:\/\/cref.if.ufrgs.br\/?page_id=7513","url_meta":{"origin":7505,"position":2},"title":"Cadastro","author":"admin","date":"12 de dezembro de 2017","format":false,"excerpt":"Se for do seu interesse receber informa\u00e7\u00f5es sobre eventos relacionados ao ensino de F\u00edsica, especialmente de n\u00edvel m\u00e9dio e fundamental, cadastre-se\u00a0aqui.","rel":"","context":"Post similar","block_context":{"text":"Post similar","link":""},"img":{"alt_text":"","src":"","width":0,"height":0},"classes":[]},{"id":5256,"url":"https:\/\/cref.if.ufrgs.br\/?page_id=5256","url_meta":{"origin":7505,"position":3},"title":"Oficinas e cursos","author":"admin","date":"7 de novembro de 2017","format":false,"excerpt":"Promo\u00e7\u00f5es do CREF ou com apoio CREF \u00a0 \u00a0 Eventos ocorridos Curso Astrof\u00edsica contempor\u00e2nea sob um vi\u00e9s hist\u00f3rico e epistemol\u00f3gico Ministrante: Prof. Dr. Nathan Willig Lima e Prof. Dr. Allan Alves Brito (PPGEnFis\/IF\/UFRGS) Datas: 24\/04\/2019 a 26\/04\/2019, das 13h30min \u00e0s 17h30min. Local: IF-UFRGS Porto Alegre Oficina Oficina: Metodologia para o\u2026","rel":"","context":"Post similar","block_context":{"text":"Post similar","link":""},"img":{"alt_text":"","src":"","width":0,"height":0},"classes":[]},{"id":276,"url":"https:\/\/cref.if.ufrgs.br\/?page_id=276","url_meta":{"origin":7505,"position":4},"title":"Todos","author":"admin","date":"26 de abril de 2017","format":false,"excerpt":"Promo\u00e7\u00f5es do CREF ou com apoio CREF \u00a0 Eventos Escola II Escola do PPGEnF\u00eds-UFRGS 08\/10\/2020 e 09\/10\/2020 Local: Evento online (detalhes no site) Organiza\u00e7\u00e3o: Leonardo Heidemann, Cl\u00e1udio Cavalcanti e Camila Collares Promo\u00e7\u00e3o: CREF & PPGEnFis UFRGS \u00a0 Eventos ocorridos Palestra F\u00edsica Moderna no Ensino M\u00e9dio: dificuldades epistemol\u00f3gicas Ministrante: Professora Dra.\u2026","rel":"","context":"Post similar","block_context":{"text":"Post similar","link":""},"img":{"alt_text":"","src":"","width":0,"height":0},"classes":[]},{"id":5258,"url":"https:\/\/cref.if.ufrgs.br\/?page_id=5258","url_meta":{"origin":7505,"position":5},"title":"Apresenta\u00e7\u00e3o de Trabalhos","author":"admin","date":"7 de novembro de 2017","format":false,"excerpt":"Promo\u00e7\u00f5es do CREF ou com apoio CREF \u00a0 Eventos ocorridos \u00a0Apresenta\u00e7\u00e3o de Trabalho Coleta e an\u00e1lise de dados com a tecnologia Pico para o estudo das leis do eletromagnetismo Ministrante: Mestrando do MPEF Ivo Mai 30\/06\/2006;\u00a0\u00a013:30 Local: Sala O205 Promo\u00e7\u00e3o: CREF & PPGEnFis UFRGS","rel":"","context":"Post similar","block_context":{"text":"Post similar","link":""},"img":{"alt_text":"","src":"","width":0,"height":0},"classes":[]}],"_links":{"self":[{"href":"https:\/\/cref.if.ufrgs.br\/index.php?rest_route=\/wp\/v2\/pages\/7505","targetHints":{"allow":["GET"]}}],"collection":[{"href":"https:\/\/cref.if.ufrgs.br\/index.php?rest_route=\/wp\/v2\/pages"}],"about":[{"href":"https:\/\/cref.if.ufrgs.br\/index.php?rest_route=\/wp\/v2\/types\/page"}],"author":[{"embeddable":true,"href":"https:\/\/cref.if.ufrgs.br\/index.php?rest_route=\/wp\/v2\/users\/1"}],"replies":[{"embeddable":true,"href":"https:\/\/cref.if.ufrgs.br\/index.php?rest_route=%2Fwp%2Fv2%2Fcomments&post=7505"}],"version-history":[{"count":18,"href":"https:\/\/cref.if.ufrgs.br\/index.php?rest_route=\/wp\/v2\/pages\/7505\/revisions"}],"predecessor-version":[{"id":12571,"href":"https:\/\/cref.if.ufrgs.br\/index.php?rest_route=\/wp\/v2\/pages\/7505\/revisions\/12571"}],"wp:attachment":[{"href":"https:\/\/cref.if.ufrgs.br\/index.php?rest_route=%2Fwp%2Fv2%2Fmedia&parent=7505"}],"curies":[{"name":"wp","href":"https:\/\/api.w.org\/{rel}","templated":true}]}}