{"id":5260,"date":"2017-11-07T18:02:51","date_gmt":"2017-11-07T20:02:51","guid":{"rendered":"https:\/\/www.if.ufrgs.br\/novocref\/?page_id=5260"},"modified":"2018-04-17T10:02:23","modified_gmt":"2018-04-17T13:02:23","slug":"cursos-ead","status":"publish","type":"page","link":"https:\/\/cref.if.ufrgs.br\/?page_id=5260","title":{"rendered":"Cursos EAD"},"content":{"rendered":"<h1>Promo\u00e7\u00f5es do CREF ou com apoio CREF<\/h1>\n<p>&nbsp;<\/p>\n<h1>Eventos em andamento<\/h1>\n<table style=\"width: 1408.76px;\">\n<tbody>\n<tr>\n<td style=\"width: 1401.76px;\">Curso EAD<\/p>\n<p><a href=\"http:\/\/www.if.ufrgs.br\/cref\/eventos\/REA_2018\/\">Curso de Extens\u00e3o (EaD) Internacional para Licenciandos de F\u00edsica sobre Recursos Educacionais no Ensino de F\u00edsica<\/a><\/p>\n<p>Ministrante: Ives Solano Araujo &amp; Eliane Angela Veit<br \/>\nInscri\u00e7\u00f5es at\u00e9 20\/04\/2018<\/td>\n<\/tr>\n<\/tbody>\n<\/table>\n<p>&nbsp;<\/p>\n<h1>Eventos ocorridos<\/h1>\n<p>Curso EAD<\/p>\n<p><a href=\"http:\/\/www.if.ufrgs.br\/cfeb\/\">Curso de Especializa\u00e7\u00e3o em F\u00edsica para Educa\u00e7\u00e3o B\u00e1sica<\/a><\/p>\n<p>Ministrante: docentes do IF-UFRGS<br \/>\n01\/11\/2014 dura\u00e7\u00e3o 20 meses; a ser definido<br \/>\nLocal: Aulas presenciais: Av. Bento Gon\u00e7alves, no 9500 &#8211;<br \/>\nOrganiza\u00e7\u00e3o: Prof. Dr. Silvio Luiz Silva Cunha e Profa. Dra. Rejane Maria Ribeiro-Teixeira<br \/>\nPromo\u00e7\u00e3o: SEAD-UFRGS\/UAB<\/p>\n<table style=\"width: 1408.76px;\">\n<tbody>\n<tr>\n<td style=\"width: 1401.76px;\">Curso EAD<\/p>\n<p><a href=\"http:\/\/www6.ufrgs.br\/fisica_uab\/\">Curso de Especializa\u00e7\u00e3o em F\u00edsica para Educa\u00e7\u00e3o B\u00e1sica<\/a><\/p>\n<p>01\/07\/2009 a 31\/12\/2010<br \/>\nOrganiza\u00e7\u00e3o: SEAD-UFRGS e UAB Apoio CREF<\/td>\n<\/tr>\n<tr>\n<td style=\"width: 1401.76px;\">Curso EAD<\/p>\n<p><a href=\"http:\/\/www.if.ufrgs.br\/cref\/eventos\/modelos\/\">Fen\u00f4menos F\u00edsicos e Modelos Cient\u00edficos<\/a><\/p>\n<p>Ministrante: Prof. Rafael Vasques Brand\u00e3o<br \/>\n01\/10\/2007 at\u00e9 23\/11\/2007; 8h<br \/>\nLocal: Instituto de F\u00edsica<br \/>\nOrganiza\u00e7\u00e3o: Profa. Dra. Eliane Angela Veit e Prof. Dr. Ives Solano Araujo<\/td>\n<\/tr>\n<\/tbody>\n<\/table>\n<p>&nbsp;<\/p>\n","protected":false},"excerpt":{"rendered":"<p>Promo\u00e7\u00f5es do CREF ou com apoio CREF &nbsp; Eventos em andamento Curso EAD Curso de Extens\u00e3o (EaD) Internacional para Licenciandos de F\u00edsica sobre Recursos Educacionais no Ensino de F\u00edsica Ministrante: Ives Solano Araujo &amp; Eliane Angela Veit Inscri\u00e7\u00f5es at\u00e9 20\/04\/2018 &nbsp; Eventos ocorridos Curso EAD Curso de Especializa\u00e7\u00e3o em F\u00edsica para Educa\u00e7\u00e3o B\u00e1sica Ministrante: docentes [&hellip;]<\/p>\n","protected":false},"author":1,"featured_media":0,"parent":0,"menu_order":0,"comment_status":"closed","ping_status":"closed","template":"","meta":{"footnotes":""},"class_list":["post-5260","page","type-page","status-publish","hentry"],"jetpack_sharing_enabled":true,"jetpack_shortlink":"https:\/\/wp.me\/P8B8g0-1mQ","jetpack-related-posts":[{"id":276,"url":"https:\/\/cref.if.ufrgs.br\/?page_id=276","url_meta":{"origin":5260,"position":0},"title":"Todos","author":"admin","date":"26 de abril de 2017","format":false,"excerpt":"Promo\u00e7\u00f5es do CREF ou com apoio CREF \u00a0 Eventos Escola II Escola do PPGEnF\u00eds-UFRGS 08\/10\/2020 e 09\/10\/2020 Local: Evento online (detalhes no site) Organiza\u00e7\u00e3o: Leonardo Heidemann, Cl\u00e1udio Cavalcanti e Camila Collares Promo\u00e7\u00e3o: CREF & PPGEnFis UFRGS \u00a0 Eventos ocorridos Palestra F\u00edsica Moderna no Ensino M\u00e9dio: dificuldades epistemol\u00f3gicas Ministrante: Professora Dra.\u2026","rel":"","context":"Post similar","block_context":{"text":"Post similar","link":""},"img":{"alt_text":"","src":"","width":0,"height":0},"classes":[]},{"id":5256,"url":"https:\/\/cref.if.ufrgs.br\/?page_id=5256","url_meta":{"origin":5260,"position":1},"title":"Oficinas e cursos","author":"admin","date":"7 de novembro de 2017","format":false,"excerpt":"Promo\u00e7\u00f5es do CREF ou com apoio CREF \u00a0 \u00a0 Eventos ocorridos Curso Astrof\u00edsica contempor\u00e2nea sob um vi\u00e9s hist\u00f3rico e epistemol\u00f3gico Ministrante: Prof. Dr. Nathan Willig Lima e Prof. Dr. Allan Alves Brito (PPGEnFis\/IF\/UFRGS) Datas: 24\/04\/2019 a 26\/04\/2019, das 13h30min \u00e0s 17h30min. Local: IF-UFRGS Porto Alegre Oficina Oficina: Metodologia para o\u2026","rel":"","context":"Post similar","block_context":{"text":"Post similar","link":""},"img":{"alt_text":"","src":"","width":0,"height":0},"classes":[]},{"id":5252,"url":"https:\/\/cref.if.ufrgs.br\/?page_id=5252","url_meta":{"origin":5260,"position":2},"title":"Palestras, Seminarios &#038; Col\u00f3quios","author":"admin","date":"7 de novembro de 2017","format":false,"excerpt":"Promo\u00e7\u00f5es do CREF ou com apoio CREF \u00a0 Eventos ocorridos Palestra F\u00edsica Moderna no Ensino M\u00e9dio: dificuldades epistemol\u00f3gicas Ministrante: Professora Dra. Fabiana Botelho Kneubil (Instituto Educacional Futuro da Ci\u00eancia) 26\/06\/2019; 14h Local: Anfiteatro Antonio Cabral Promo\u00e7\u00e3o: CREF & PPGEnFis UFRGS Palestra Integra\u00e7\u00e3o Biologia, F\u00edsica e Qu\u00edmica e a Base Nacional\u2026","rel":"","context":"Post similar","block_context":{"text":"Post similar","link":""},"img":{"alt_text":"","src":"","width":0,"height":0},"classes":[]},{"id":5254,"url":"https:\/\/cref.if.ufrgs.br\/?page_id=5254","url_meta":{"origin":5260,"position":3},"title":"Congressos, encontros e mostras","author":"admin","date":"7 de novembro de 2017","format":false,"excerpt":"Promo\u00e7\u00f5es do CREF ou com apoio CREF Eventos Encontro IX Encontro Estadual de Ensino de F\u00edsica - RS 16\/03\/2023 a 17\/03\/2023 Informa\u00e7\u00f5es em: https:\/\/ppgenfis.if.ufrgs.br\/9eeefis\/ Promo\u00e7\u00e3o: CREF & PPGEnFis UFRGS Eventos ocorridos Escola II Escola do PPGEnF\u00eds-UFRGS 08\/10\/2020 e 09\/10\/2020 Local: Evento online (detalhes no site) Organiza\u00e7\u00e3o: Leonardo Heidemann, Cl\u00e1udio Cavalcanti\u2026","rel":"","context":"Post similar","block_context":{"text":"Post similar","link":""},"img":{"alt_text":"","src":"","width":0,"height":0},"classes":[]},{"id":245,"url":"https:\/\/cref.if.ufrgs.br\/?page_id=245","url_meta":{"origin":5260,"position":4},"title":"Outros Materiais","author":"admin","date":"26 de abril de 2017","format":false,"excerpt":"Pr\u00e1ticas nas Escolas (Turma 2020\/2) Pr\u00e1ticas nas Escolas (Turma 2021\/1) Pr\u00e1ticas nas Escolas (Turma 2021\/2) Pr\u00e1ticas nas Escolas (Turma 2022\/1) Pr\u00e1ticas nas Escolas (Turma 2022\/2) Materiais produzidos por estudantes do curso de licenciatura em F\u00edsica da UFRGS em disciplinas com atividades pr\u00e1ticas em escolas. Experimenta\u00e7\u00e3o via internet com p\u00eandulos espalhados\u2026","rel":"","context":"Post similar","block_context":{"text":"Post similar","link":""},"img":{"alt_text":"","src":"","width":0,"height":0},"classes":[]},{"id":5258,"url":"https:\/\/cref.if.ufrgs.br\/?page_id=5258","url_meta":{"origin":5260,"position":5},"title":"Apresenta\u00e7\u00e3o de Trabalhos","author":"admin","date":"7 de novembro de 2017","format":false,"excerpt":"Promo\u00e7\u00f5es do CREF ou com apoio CREF \u00a0 Eventos ocorridos \u00a0Apresenta\u00e7\u00e3o de Trabalho Coleta e an\u00e1lise de dados com a tecnologia Pico para o estudo das leis do eletromagnetismo Ministrante: Mestrando do MPEF Ivo Mai 30\/06\/2006;\u00a0\u00a013:30 Local: Sala O205 Promo\u00e7\u00e3o: CREF & PPGEnFis UFRGS","rel":"","context":"Post similar","block_context":{"text":"Post similar","link":""},"img":{"alt_text":"","src":"","width":0,"height":0},"classes":[]}],"_links":{"self":[{"href":"https:\/\/cref.if.ufrgs.br\/index.php?rest_route=\/wp\/v2\/pages\/5260","targetHints":{"allow":["GET"]}}],"collection":[{"href":"https:\/\/cref.if.ufrgs.br\/index.php?rest_route=\/wp\/v2\/pages"}],"about":[{"href":"https:\/\/cref.if.ufrgs.br\/index.php?rest_route=\/wp\/v2\/types\/page"}],"author":[{"embeddable":true,"href":"https:\/\/cref.if.ufrgs.br\/index.php?rest_route=\/wp\/v2\/users\/1"}],"replies":[{"embeddable":true,"href":"https:\/\/cref.if.ufrgs.br\/index.php?rest_route=%2Fwp%2Fv2%2Fcomments&post=5260"}],"version-history":[{"count":8,"href":"https:\/\/cref.if.ufrgs.br\/index.php?rest_route=\/wp\/v2\/pages\/5260\/revisions"}],"predecessor-version":[{"id":7975,"href":"https:\/\/cref.if.ufrgs.br\/index.php?rest_route=\/wp\/v2\/pages\/5260\/revisions\/7975"}],"wp:attachment":[{"href":"https:\/\/cref.if.ufrgs.br\/index.php?rest_route=%2Fwp%2Fv2%2Fmedia&parent=5260"}],"curies":[{"name":"wp","href":"https:\/\/api.w.org\/{rel}","templated":true}]}}