{"id":5258,"date":"2017-11-07T18:02:25","date_gmt":"2017-11-07T20:02:25","guid":{"rendered":"https:\/\/www.if.ufrgs.br\/novocref\/?page_id=5258"},"modified":"2017-11-07T18:21:05","modified_gmt":"2017-11-07T20:21:05","slug":"apresentacao-de-trabalhos","status":"publish","type":"page","link":"https:\/\/cref.if.ufrgs.br\/?page_id=5258","title":{"rendered":"Apresenta\u00e7\u00e3o de Trabalhos"},"content":{"rendered":"<h1>Promo\u00e7\u00f5es do CREF ou com apoio CREF<\/h1>\n<p>&nbsp;<\/p>\n<div class=\"sozinho centralizado\">\n<h1>Eventos ocorridos<\/h1>\n<table>\n<tbody>\n<tr>\n<td>\n<table width=\"100%\">\n<tbody>\n<tr>\n<td width=\"95%\">\n<div class=\"categoria\">\u00a0Apresenta\u00e7\u00e3o de Trabalho<\/div>\n<div id=\"linktd\">Coleta e an\u00e1lise de dados com a tecnologia Pico para o estudo das leis do eletromagnetismo<\/div>\n<div id=\"espacamento_menor\">Ministrante: Mestrando do MPEF Ivo Mai<br \/>\n30\/06\/2006;\u00a0\u00a013:30<br \/>\nLocal: Sala O205<br \/>\nPromo\u00e7\u00e3o: CREF &amp; PPGEnFis UFRGS<\/div>\n<\/td>\n<\/tr>\n<\/tbody>\n<\/table>\n<\/td>\n<\/tr>\n<\/tbody>\n<\/table>\n<\/div>\n","protected":false},"excerpt":{"rendered":"<p>Promo\u00e7\u00f5es do CREF ou com apoio CREF &nbsp; Eventos ocorridos \u00a0Apresenta\u00e7\u00e3o de Trabalho Coleta e an\u00e1lise de dados com a tecnologia Pico para o estudo das leis do eletromagnetismo Ministrante: Mestrando do MPEF Ivo Mai 30\/06\/2006;\u00a0\u00a013:30 Local: Sala O205 Promo\u00e7\u00e3o: CREF &amp; PPGEnFis UFRGS<\/p>\n","protected":false},"author":1,"featured_media":0,"parent":0,"menu_order":0,"comment_status":"closed","ping_status":"closed","template":"","meta":{"footnotes":""},"class_list":["post-5258","page","type-page","status-publish","hentry"],"jetpack_sharing_enabled":true,"jetpack_shortlink":"https:\/\/wp.me\/P8B8g0-1mO","jetpack-related-posts":[{"id":276,"url":"https:\/\/cref.if.ufrgs.br\/?page_id=276","url_meta":{"origin":5258,"position":0},"title":"Todos","author":"admin","date":"26 de abril de 2017","format":false,"excerpt":"Promo\u00e7\u00f5es do CREF ou com apoio CREF \u00a0 Eventos Escola II Escola do PPGEnF\u00eds-UFRGS 08\/10\/2020 e 09\/10\/2020 Local: Evento online (detalhes no site) Organiza\u00e7\u00e3o: Leonardo Heidemann, Cl\u00e1udio Cavalcanti e Camila Collares Promo\u00e7\u00e3o: CREF & PPGEnFis UFRGS \u00a0 Eventos ocorridos Palestra F\u00edsica Moderna no Ensino M\u00e9dio: dificuldades epistemol\u00f3gicas Ministrante: Professora Dra.\u2026","rel":"","context":"Post similar","block_context":{"text":"Post similar","link":""},"img":{"alt_text":"","src":"","width":0,"height":0},"classes":[]},{"id":5252,"url":"https:\/\/cref.if.ufrgs.br\/?page_id=5252","url_meta":{"origin":5258,"position":1},"title":"Palestras, Seminarios &#038; Col\u00f3quios","author":"admin","date":"7 de novembro de 2017","format":false,"excerpt":"Promo\u00e7\u00f5es do CREF ou com apoio CREF \u00a0 Eventos ocorridos Palestra F\u00edsica Moderna no Ensino M\u00e9dio: dificuldades epistemol\u00f3gicas Ministrante: Professora Dra. Fabiana Botelho Kneubil (Instituto Educacional Futuro da Ci\u00eancia) 26\/06\/2019; 14h Local: Anfiteatro Antonio Cabral Promo\u00e7\u00e3o: CREF & PPGEnFis UFRGS Palestra Integra\u00e7\u00e3o Biologia, F\u00edsica e Qu\u00edmica e a Base Nacional\u2026","rel":"","context":"Post similar","block_context":{"text":"Post similar","link":""},"img":{"alt_text":"","src":"","width":0,"height":0},"classes":[]},{"id":81,"url":"https:\/\/cref.if.ufrgs.br\/?page_id=81","url_meta":{"origin":5258,"position":2},"title":"Apresenta\u00e7\u00e3o","author":"admin","date":"19 de abril de 2017","format":false,"excerpt":"Com quase 17 anos de atividades, o Centro de Refer\u00eancia em Ensino de F\u00edsica (CREF) foi criado como uma institui\u00e7\u00e3o vinculada com a sala de aula de F\u00edsica e voltada para forma\u00e7\u00e3o inicial e continuada de professores. Ao longo dos anos, o Centro, preocupado com a moderniza\u00e7\u00e3o dos recursos implementados\u2026","rel":"","context":"Post similar","block_context":{"text":"Post similar","link":""},"img":{"alt_text":"","src":"","width":0,"height":0},"classes":[]},{"id":5254,"url":"https:\/\/cref.if.ufrgs.br\/?page_id=5254","url_meta":{"origin":5258,"position":3},"title":"Congressos, encontros e mostras","author":"admin","date":"7 de novembro de 2017","format":false,"excerpt":"Promo\u00e7\u00f5es do CREF ou com apoio CREF Eventos Encontro IX Encontro Estadual de Ensino de F\u00edsica - RS 16\/03\/2023 a 17\/03\/2023 Informa\u00e7\u00f5es em: https:\/\/ppgenfis.if.ufrgs.br\/9eeefis\/ Promo\u00e7\u00e3o: CREF & PPGEnFis UFRGS Eventos ocorridos Escola II Escola do PPGEnF\u00eds-UFRGS 08\/10\/2020 e 09\/10\/2020 Local: Evento online (detalhes no site) Organiza\u00e7\u00e3o: Leonardo Heidemann, Cl\u00e1udio Cavalcanti\u2026","rel":"","context":"Post similar","block_context":{"text":"Post similar","link":""},"img":{"alt_text":"","src":"","width":0,"height":0},"classes":[]},{"id":5256,"url":"https:\/\/cref.if.ufrgs.br\/?page_id=5256","url_meta":{"origin":5258,"position":4},"title":"Oficinas e cursos","author":"admin","date":"7 de novembro de 2017","format":false,"excerpt":"Promo\u00e7\u00f5es do CREF ou com apoio CREF \u00a0 \u00a0 Eventos ocorridos Curso Astrof\u00edsica contempor\u00e2nea sob um vi\u00e9s hist\u00f3rico e epistemol\u00f3gico Ministrante: Prof. Dr. Nathan Willig Lima e Prof. Dr. Allan Alves Brito (PPGEnFis\/IF\/UFRGS) Datas: 24\/04\/2019 a 26\/04\/2019, das 13h30min \u00e0s 17h30min. Local: IF-UFRGS Porto Alegre Oficina Oficina: Metodologia para o\u2026","rel":"","context":"Post similar","block_context":{"text":"Post similar","link":""},"img":{"alt_text":"","src":"","width":0,"height":0},"classes":[]},{"id":7505,"url":"https:\/\/cref.if.ufrgs.br\/?page_id=7505","url_meta":{"origin":5258,"position":5},"title":"CREF no YouTube!","author":"admin","date":"8 de dezembro de 2017","format":false,"excerpt":"Veja aqui v\u00eddeos sobre temas instigantes tratados aqui no CREF! Para acessar a playlist completa, clique aqui. Os v\u00eddeos foram confeccionados com a colabora\u00e7\u00e3o do prof. Eloir De Carli, do Instituto Federal de Educa\u00e7\u00e3o, Ci\u00eancia e Tecnologia do Rio Grande do Sul (IFRS), Campus Feliz.","rel":"","context":"Post similar","block_context":{"text":"Post similar","link":""},"img":{"alt_text":"","src":"","width":0,"height":0},"classes":[]}],"_links":{"self":[{"href":"https:\/\/cref.if.ufrgs.br\/index.php?rest_route=\/wp\/v2\/pages\/5258","targetHints":{"allow":["GET"]}}],"collection":[{"href":"https:\/\/cref.if.ufrgs.br\/index.php?rest_route=\/wp\/v2\/pages"}],"about":[{"href":"https:\/\/cref.if.ufrgs.br\/index.php?rest_route=\/wp\/v2\/types\/page"}],"author":[{"embeddable":true,"href":"https:\/\/cref.if.ufrgs.br\/index.php?rest_route=\/wp\/v2\/users\/1"}],"replies":[{"embeddable":true,"href":"https:\/\/cref.if.ufrgs.br\/index.php?rest_route=%2Fwp%2Fv2%2Fcomments&post=5258"}],"version-history":[{"count":3,"href":"https:\/\/cref.if.ufrgs.br\/index.php?rest_route=\/wp\/v2\/pages\/5258\/revisions"}],"predecessor-version":[{"id":5271,"href":"https:\/\/cref.if.ufrgs.br\/index.php?rest_route=\/wp\/v2\/pages\/5258\/revisions\/5271"}],"wp:attachment":[{"href":"https:\/\/cref.if.ufrgs.br\/index.php?rest_route=%2Fwp%2Fv2%2Fmedia&parent=5258"}],"curies":[{"name":"wp","href":"https:\/\/api.w.org\/{rel}","templated":true}]}}