{"id":5254,"date":"2017-11-07T18:00:48","date_gmt":"2017-11-07T20:00:48","guid":{"rendered":"https:\/\/www.if.ufrgs.br\/novocref\/?page_id=5254"},"modified":"2023-01-21T14:42:12","modified_gmt":"2023-01-21T17:42:12","slug":"congressos-encontros-e-mostras","status":"publish","type":"page","link":"https:\/\/cref.if.ufrgs.br\/?page_id=5254","title":{"rendered":"Congressos, encontros e mostras"},"content":{"rendered":"<h1>Promo\u00e7\u00f5es do CREF ou com apoio CREF<\/h1>\n<h1>Eventos<\/h1>\n<table style=\"width: 1587.06px;\">\n<tbody>\n<tr>\n<td>Encontro<\/p>\n<p>IX Encontro Estadual de Ensino de F\u00edsica &#8211; RS<br \/>\n16\/03\/2023 a 17\/03\/2023<br \/>\nInforma\u00e7\u00f5es em: <a href=\"https:\/\/ppgenfis.if.ufrgs.br\/9eeefis\/\" target=\"_blank\" rel=\"noopener\">https:\/\/ppgenfis.if.ufrgs.br\/9eeefis\/<\/a><br \/>\nPromo\u00e7\u00e3o: CREF &amp; PPGEnFis UFRGS<\/td>\n<\/tr>\n<\/tbody>\n<\/table>\n<h1>Eventos ocorridos<\/h1>\n<table>\n<tbody>\n<tr>\n<td>Escola<\/p>\n<p><a href=\"https:\/\/www.if.ufrgs.br\/if\/ppgenfis\/escola2020\/\">II Escola do PPGEnF\u00eds-UFRGS<\/a><\/p>\n<p>08\/10\/2020 e 09\/10\/2020<br \/>\nLocal: Evento online (detalhes no site)<br \/>\nOrganiza\u00e7\u00e3o: Leonardo Heidemann, Cl\u00e1udio Cavalcanti e Camila Collares<br \/>\nPromo\u00e7\u00e3o: CREF &amp; PPGEnFis UFRGS<\/td>\n<\/tr>\n<tr>\n<td>Encontro<\/p>\n<p>VIII Encontro Estadual de Ensino de F\u00edsica &#8211; RS<br \/>\n07\/11\/2019 a 09\/11\/2019<br \/>\nInforma\u00e7\u00f5es em: <a href=\"https:\/\/www.if.ufrgs.br\/mpef\/8eeefis\/\" target=\"_blank\" rel=\"noopener\">https:\/\/www.if.ufrgs.br\/mpef\/8eeefis\/<\/a><br \/>\nPromo\u00e7\u00e3o: CREF &amp; PPGEnFis UFRGS<\/td>\n<\/tr>\n<tr>\n<td>Escola<\/p>\n<p><a href=\"https:\/\/www.if.ufrgs.br\/if\/ppgenfis\/escola2018\/\">I Escola do PPGEnF\u00eds-UFRGS<\/a><\/p>\n<p>16\/10\/2019 a 19\/10\/2017<br \/>\nLocal: Anf. Antonio Cabral<br \/>\nOrganiza\u00e7\u00e3o: Leonardo Heidemann, Ives Araujo e Matheus Nascimento<br \/>\nPromo\u00e7\u00e3o: CREF &amp; PPGEnFis UFRGS<\/td>\n<\/tr>\n<tr>\n<td>Mostra<\/p>\n<p><a href=\"\/Programa\u00e7\u00e3o_I_Mostra_PPGEnFis_2017.pdf\">I Mostra do PPGEnF\u00eds-UFRGS<\/a><\/p>\n<p>20\/10\/2017 20\/10\/2017; A partir das 8h<br \/>\nLocal: Anf. Antonio Cabral<br \/>\nOrganiza\u00e7\u00e3o: Ives Araujo e Nathan Lima<br \/>\nPromo\u00e7\u00e3o: CREF &amp; PPGEnFis UFRGS<\/td>\n<\/tr>\n<tr>\n<td>Encontro<\/p>\n<p><a href=\"http:\/\/www.if.ufrgs.br\/mpef\/7eeefis\/\">VII Encontro Estadual de Ensino de F\u00edsica<\/a><\/p>\n<p>24\/08\/2017 a 26\/08\/2017<br \/>\nLocal: Instituto de F\u00edsica UFRGS- Porto Alegre\/RS e SEAD<br \/>\nOrganiza\u00e7\u00e3o: Eliane A. Veit, Leonardo A. Heidemann, Neusa T. Massoni e Ives S. Araujo<br \/>\nPromo\u00e7\u00e3o: CREF &amp; PPGEnFis UFRGS<\/td>\n<\/tr>\n<tr>\n<td>Encontro<\/p>\n<p><a href=\"https:\/\/www.ufrgs.br\/astronomianasculturas\/\">Encontro Astronomia nas Culturas UFRGS<\/a><\/p>\n<p>07\/12\/2016 a 10\/12\/1016<br \/>\nLocal: Planet\u00e1rio, Observat\u00f3rio Astron\u00f4mico e Anfiteatro<br \/>\nOrganiza\u00e7\u00e3o: Alejandro Martin L\u00f3pez (UBA- Universidade de Buenos Aires). Alan Alves Brito (UFRGS) Daniela Pavani (UFRGS \u2013 Coordena\u00e7\u00e3o). Fl\u00e1via Pedroza Lima (Funda\u00e7\u00e3o Planet\u00e1rio do Rio de Janeiro). Luiz Borges (MAST \u2013 Museu de Astronomia do Rio de Janeiro). M\u00e1rcio<br \/>\nPromo\u00e7\u00e3o: Observat\u00f3rio Educativo Itinerante e Museu PROEXT\/UFRGS<\/td>\n<\/tr>\n<tr>\n<td>Encontro<\/p>\n<p>VI Encontro Estadual de Ensino de F\u00edsica &#8211; RS<\/p>\n<p>01\/10\/2015 a 03\/10\/2015; 08h30min \u00e0s 17h30min<br \/>\nLocal: Instituto de F\u00edsica UFRGS- Porto Alegre\/RS<br \/>\nOrganiza\u00e7\u00e3o: Eliane Angela Veit, Neusa Teresinha Massoni e Ives Solano Araujo<br \/>\nPromo\u00e7\u00e3o: CREF &amp; PPGEnFis UFRGS<\/td>\n<\/tr>\n<tr>\n<td>Encontro<\/p>\n<p><a href=\"http:\/\/www.if.ufrgs.br\/mpef\/4eeefis\">IV Encontro Estadual em Ensino de F\u00edsica<\/a><\/p>\n<p>15\/09\/2011 a 17\/09\/2011<br \/>\nLocal: Campus do Vale &#8211; UFRGS<br \/>\nOrganiza\u00e7\u00e3o: Eliane Angela Veit, Ives Solano Araujo, Pedro Fernando Teixeira Dorneles e Marco Antonio Moreira<br \/>\nPromo\u00e7\u00e3o: Intituto de F\u00edsica &#8211; UFRGS<\/td>\n<\/tr>\n<tr>\n<td>Encontro<\/p>\n<p><a href=\"http:\/\/www.if.ufrgs.br\/cref\/erea-rs\/\">IV EREA- Encontro Regional de Ensino de Astronomia \u2013 RS<\/a><\/p>\n<p>24\/03\/2010 a 26\/03\/2010<br \/>\nLocal: UFRGS (Sal\u00e3o de Atos, Atos II, Museu, Observat\u00f3rio<br \/>\nPromo\u00e7\u00e3o: Planet\u00e1rio Jos\u00e9 Baptista Pereira e Museu da UFRGS<\/td>\n<\/tr>\n<tr>\n<td>Encontro<\/p>\n<p>VII Semana de Investiga\u00e7\u00e3o<\/p>\n<p>30\/11\/2009 a 4\/12\/2009<br \/>\nOrganiza\u00e7\u00e3o: Prof. Marco Antonio Moreira e Profa. Dra. Concesa Caballero Sahelices<br \/>\nPromo\u00e7\u00e3o: Programa Internacional de Doutorado em Ensino de Ci\u00eancias (PIDEC) UBU\/UFRGS . Apoio: CREF<\/td>\n<\/tr>\n<tr>\n<td>Encontro<\/p>\n<p>Reuni\u00e3o do Projeto Observat\u00f3rio da Educa\u00e7\u00e3o &#8211; CAPES<\/p>\n<p>27\/11\/2009 e 04\/12\/2009<br \/>\nLocal: CREF-IF-UFRGS<br \/>\nOrganiza\u00e7\u00e3o: Profa. Dra. Fernanda Ostermann<\/td>\n<\/tr>\n<tr>\n<td>Congresso<\/p>\n<p><a href=\"http:\/\/www.if.ufrgs.br\/gpef\/VIIRELAEF\/\">VII Reuni\u00e3o Latino Americana de Ensino de F\u00edsica<\/a><\/p>\n<p>23\/11\/2009 a 27\/11\/2009<br \/>\nOrganiza\u00e7\u00e3o: Prof. Dr. Marco Antonio Moreira<\/td>\n<\/tr>\n<tr>\n<td>Encontro<\/p>\n<p><a href=\"http:\/\/www.if.ufrgs.br\/mpef\/3eeefis\/index.html\">III Encontro Estadual de Ensino de F\u00edsica<\/a><\/p>\n<p>20\/08\/2009 a 22\/08\/2009; 8h30min \u00e0s 17h30min<br \/>\nLocal: CREF e ILEA &#8211; UFRGS Campus do Vale<br \/>\nOrganiza\u00e7\u00e3o: Prof. Dr. Marco Antonio Moreira; Profa. Dra. Eliane Angela Veit; Profa. Dra. Sayonara Cabral da Costa e Prof. Dr. Ives Solano Araujo<br \/>\nPromo\u00e7\u00e3o: CREF &amp; PPGEnFis UFRGS<\/td>\n<\/tr>\n<tr>\n<td>Encontro<\/p>\n<p><a href=\"http:\/\/www.if.ufrgs.br\/cref\/gttp\/ \">Programa de Treinamento de Professores: Galileu<\/a><\/p>\n<p>Ministrante: Diversos convidados especificados no resumo<br \/>\n20\/07\/2009 a 29\/07\/2009<br \/>\nLocal: CREF &#8211; sala O211 IF-UFRGS<br \/>\nOrganiza\u00e7\u00e3o: Profa. Dra. Maria de F\u00e1tima Oliveira Saraiva e Profa. Dra. Maria Helena Steffani<br \/>\n<a onclick=\"wpex_toggle(1547074827, 'Mostrar Resumo', 'Esconder Resumo'); return false;\" class=\"wpex-link\" id=\"wpexlink1547074827\" href=\"#\">Mostrar Resumo<\/a><div class=\"wpex_div\" id=\"wpex1547074827\" style=\"display: none;\"> Bonnie Thurber &#8211; Northwestern University, EUA<br \/>\nCarl Pennypacker &#8211; University of California at Berkeley, EUA<br \/>\nCarlos Antunes Santos &#8211; N\u00facleo Interativo de Astronomia, Portugal<br \/>\nFrancisco Catelli &#8211; UCS, Brasil<br \/>\nMaria de F\u00e1tima Saraiva &#8211; UFRGS &#8211; Brasil<br \/>\nMaria Luisa Teixeira de Almeida &#8211; N\u00facleo Interativo de Astronomia, Portugal<br \/>\nMichel Faye &#8211; Lice\u00e9 Louis le Grand, France<br \/>\nOdilon Giovannini &#8211; Universidade de Caxias do Sul, Brasil<br \/>\nPatrick Miller &#8211; Hardin-Simmons University, EUA<br \/>\nRosa Doran &#8211; N\u00facleo Interativo de Astronomia, Portugal<\/div><\/td>\n<\/tr>\n<tr>\n<td>Mostra<\/p>\n<p><a href=\"http:\/\/www.if.ufrgs.br\/mpef\/promocoes\/programacao_mostrampef2006.pdf\">Novas alternativas para o ensino de f\u00edsica e astronomia&gt; N\u00edveis Fundamental e M\u00e9dio<\/a><\/p>\n<p>08\/09\/2006 e 9\/9\/2006; Na p\u00e1gina do evento<br \/>\nLocal: Anfiteatro Antonio Cabral<br \/>\nPromo\u00e7\u00e3o: CREF &amp; PPGEnFis UFRGS<\/td>\n<\/tr>\n<\/tbody>\n<\/table>\n","protected":false},"excerpt":{"rendered":"<p>Promo\u00e7\u00f5es do CREF ou com apoio CREF Eventos Encontro IX Encontro Estadual de Ensino de F\u00edsica &#8211; RS 16\/03\/2023 a 17\/03\/2023 Informa\u00e7\u00f5es em: https:\/\/ppgenfis.if.ufrgs.br\/9eeefis\/ Promo\u00e7\u00e3o: CREF &amp; PPGEnFis UFRGS Eventos ocorridos Escola II Escola do PPGEnF\u00eds-UFRGS 08\/10\/2020 e 09\/10\/2020 Local: Evento online (detalhes no site) Organiza\u00e7\u00e3o: Leonardo Heidemann, Cl\u00e1udio Cavalcanti e Camila Collares Promo\u00e7\u00e3o: CREF [&hellip;]<\/p>\n","protected":false},"author":1,"featured_media":0,"parent":0,"menu_order":0,"comment_status":"closed","ping_status":"closed","template":"","meta":{"footnotes":""},"class_list":["post-5254","page","type-page","status-publish","hentry"],"jetpack_sharing_enabled":true,"jetpack_shortlink":"https:\/\/wp.me\/P8B8g0-1mK","jetpack-related-posts":[{"id":276,"url":"https:\/\/cref.if.ufrgs.br\/?page_id=276","url_meta":{"origin":5254,"position":0},"title":"Todos","author":"admin","date":"26 de abril de 2017","format":false,"excerpt":"Promo\u00e7\u00f5es do CREF ou com apoio CREF \u00a0 Eventos Escola II Escola do PPGEnF\u00eds-UFRGS 08\/10\/2020 e 09\/10\/2020 Local: Evento online (detalhes no site) Organiza\u00e7\u00e3o: Leonardo Heidemann, Cl\u00e1udio Cavalcanti e Camila Collares Promo\u00e7\u00e3o: CREF & PPGEnFis UFRGS \u00a0 Eventos ocorridos Palestra F\u00edsica Moderna no Ensino M\u00e9dio: dificuldades epistemol\u00f3gicas Ministrante: Professora Dra.\u2026","rel":"","context":"Post similar","block_context":{"text":"Post similar","link":""},"img":{"alt_text":"","src":"","width":0,"height":0},"classes":[]},{"id":5252,"url":"https:\/\/cref.if.ufrgs.br\/?page_id=5252","url_meta":{"origin":5254,"position":1},"title":"Palestras, Seminarios &#038; Col\u00f3quios","author":"admin","date":"7 de novembro de 2017","format":false,"excerpt":"Promo\u00e7\u00f5es do CREF ou com apoio CREF \u00a0 Eventos ocorridos Palestra F\u00edsica Moderna no Ensino M\u00e9dio: dificuldades epistemol\u00f3gicas Ministrante: Professora Dra. Fabiana Botelho Kneubil (Instituto Educacional Futuro da Ci\u00eancia) 26\/06\/2019; 14h Local: Anfiteatro Antonio Cabral Promo\u00e7\u00e3o: CREF & PPGEnFis UFRGS Palestra Integra\u00e7\u00e3o Biologia, F\u00edsica e Qu\u00edmica e a Base Nacional\u2026","rel":"","context":"Post similar","block_context":{"text":"Post similar","link":""},"img":{"alt_text":"","src":"","width":0,"height":0},"classes":[]},{"id":5256,"url":"https:\/\/cref.if.ufrgs.br\/?page_id=5256","url_meta":{"origin":5254,"position":2},"title":"Oficinas e cursos","author":"admin","date":"7 de novembro de 2017","format":false,"excerpt":"Promo\u00e7\u00f5es do CREF ou com apoio CREF \u00a0 \u00a0 Eventos ocorridos Curso Astrof\u00edsica contempor\u00e2nea sob um vi\u00e9s hist\u00f3rico e epistemol\u00f3gico Ministrante: Prof. Dr. Nathan Willig Lima e Prof. Dr. Allan Alves Brito (PPGEnFis\/IF\/UFRGS) Datas: 24\/04\/2019 a 26\/04\/2019, das 13h30min \u00e0s 17h30min. Local: IF-UFRGS Porto Alegre Oficina Oficina: Metodologia para o\u2026","rel":"","context":"Post similar","block_context":{"text":"Post similar","link":""},"img":{"alt_text":"","src":"","width":0,"height":0},"classes":[]},{"id":5258,"url":"https:\/\/cref.if.ufrgs.br\/?page_id=5258","url_meta":{"origin":5254,"position":3},"title":"Apresenta\u00e7\u00e3o de Trabalhos","author":"admin","date":"7 de novembro de 2017","format":false,"excerpt":"Promo\u00e7\u00f5es do CREF ou com apoio CREF \u00a0 Eventos ocorridos \u00a0Apresenta\u00e7\u00e3o de Trabalho Coleta e an\u00e1lise de dados com a tecnologia Pico para o estudo das leis do eletromagnetismo Ministrante: Mestrando do MPEF Ivo Mai 30\/06\/2006;\u00a0\u00a013:30 Local: Sala O205 Promo\u00e7\u00e3o: CREF & PPGEnFis UFRGS","rel":"","context":"Post similar","block_context":{"text":"Post similar","link":""},"img":{"alt_text":"","src":"","width":0,"height":0},"classes":[]},{"id":81,"url":"https:\/\/cref.if.ufrgs.br\/?page_id=81","url_meta":{"origin":5254,"position":4},"title":"Apresenta\u00e7\u00e3o","author":"admin","date":"19 de abril de 2017","format":false,"excerpt":"Com quase 17 anos de atividades, o Centro de Refer\u00eancia em Ensino de F\u00edsica (CREF) foi criado como uma institui\u00e7\u00e3o vinculada com a sala de aula de F\u00edsica e voltada para forma\u00e7\u00e3o inicial e continuada de professores. Ao longo dos anos, o Centro, preocupado com a moderniza\u00e7\u00e3o dos recursos implementados\u2026","rel":"","context":"Post similar","block_context":{"text":"Post similar","link":""},"img":{"alt_text":"","src":"","width":0,"height":0},"classes":[]},{"id":5260,"url":"https:\/\/cref.if.ufrgs.br\/?page_id=5260","url_meta":{"origin":5254,"position":5},"title":"Cursos EAD","author":"admin","date":"7 de novembro de 2017","format":false,"excerpt":"Promo\u00e7\u00f5es do CREF ou com apoio CREF \u00a0 Eventos em andamento Curso EAD Curso de Extens\u00e3o (EaD) Internacional para Licenciandos de F\u00edsica sobre Recursos Educacionais no Ensino de F\u00edsica Ministrante: Ives Solano Araujo & Eliane Angela Veit Inscri\u00e7\u00f5es at\u00e9 20\/04\/2018 \u00a0 Eventos ocorridos Curso EAD Curso de Especializa\u00e7\u00e3o em F\u00edsica\u2026","rel":"","context":"Post similar","block_context":{"text":"Post similar","link":""},"img":{"alt_text":"","src":"","width":0,"height":0},"classes":[]}],"_links":{"self":[{"href":"https:\/\/cref.if.ufrgs.br\/index.php?rest_route=\/wp\/v2\/pages\/5254","targetHints":{"allow":["GET"]}}],"collection":[{"href":"https:\/\/cref.if.ufrgs.br\/index.php?rest_route=\/wp\/v2\/pages"}],"about":[{"href":"https:\/\/cref.if.ufrgs.br\/index.php?rest_route=\/wp\/v2\/types\/page"}],"author":[{"embeddable":true,"href":"https:\/\/cref.if.ufrgs.br\/index.php?rest_route=\/wp\/v2\/users\/1"}],"replies":[{"embeddable":true,"href":"https:\/\/cref.if.ufrgs.br\/index.php?rest_route=%2Fwp%2Fv2%2Fcomments&post=5254"}],"version-history":[{"count":9,"href":"https:\/\/cref.if.ufrgs.br\/index.php?rest_route=\/wp\/v2\/pages\/5254\/revisions"}],"predecessor-version":[{"id":12708,"href":"https:\/\/cref.if.ufrgs.br\/index.php?rest_route=\/wp\/v2\/pages\/5254\/revisions\/12708"}],"wp:attachment":[{"href":"https:\/\/cref.if.ufrgs.br\/index.php?rest_route=%2Fwp%2Fv2%2Fmedia&parent=5254"}],"curies":[{"name":"wp","href":"https:\/\/api.w.org\/{rel}","templated":true}]}}