{"id":4194,"date":"2017-11-07T14:15:21","date_gmt":"2017-11-07T16:15:21","guid":{"rendered":"https:\/\/www.if.ufrgs.br\/novocref\/?page_id=4194"},"modified":"2022-03-06T12:32:59","modified_gmt":"2022-03-06T15:32:59","slug":"normas","status":"publish","type":"page","link":"https:\/\/cref.if.ufrgs.br\/?page_id=4194","title":{"rendered":"Normas"},"content":{"rendered":"<p>Essa se\u00e7\u00e3o se destina a resolver <span style=\"background-color: #ffffff;\">d\u00favidas<\/span> conceituais sobre F\u00edsica e t\u00f3picos relacionados ao ensino de F\u00edsica. As perguntas ser\u00e3o respondidas por algum professor ou aluno de p\u00f3s-gradua\u00e7\u00e3o do Instituto de F\u00edsica, na medida do poss\u00edvel. Para ter uma ideia do tipo de perguntas que ser\u00e3o muito bem-vindas, consulte o \u00edndice geral. <span style=\"font-size: 14pt; background-color: #ff0000; color: #ff0000;\"><strong><span style=\"background-color: #ffffff;\">A\u00ed voc\u00ea tamb\u00e9m poder\u00e1 consultar se a sua d\u00favida j\u00e1 foi esclarecida.<\/span><\/strong><\/span> Essa se\u00e7\u00e3o n\u00e3o se destina a:<\/p>\n<ul>\n<li>resolver tarefas do ensino regular, nem de n\u00edvel fundamental, nem superior, por exemplo problemas de livro ou quest\u00f5es do vestibular;<\/li>\n<li>fornecer ideias ou julgar projetos de qualquer esp\u00e9cie (feiras de ci\u00eancias, trabalhos de conclus\u00e3o, mestrado e doutorado, e tampouco projetos de pesquisa).<\/li>\n<\/ul>\n<p>Perguntas dessa natureza n\u00e3o ser\u00e3o respondidas. Estamos abertos a d\u00favidas e sugest\u00f5es. Profa. Eliane Angela Veit Prof. Fernando Lang da Silveira<\/p>\n","protected":false},"excerpt":{"rendered":"<p>Essa se\u00e7\u00e3o se destina a resolver d\u00favidas conceituais sobre F\u00edsica e t\u00f3picos relacionados ao ensino de F\u00edsica. As perguntas ser\u00e3o respondidas por algum professor ou aluno de p\u00f3s-gradua\u00e7\u00e3o do Instituto de F\u00edsica, na medida do poss\u00edvel. Para ter uma ideia do tipo de perguntas que ser\u00e3o muito bem-vindas, consulte o \u00edndice geral. A\u00ed voc\u00ea tamb\u00e9m [&hellip;]<\/p>\n","protected":false},"author":1,"featured_media":0,"parent":0,"menu_order":0,"comment_status":"closed","ping_status":"closed","template":"","meta":{"footnotes":""},"class_list":["post-4194","page","type-page","status-publish","hentry"],"jetpack_sharing_enabled":true,"jetpack_shortlink":"https:\/\/wp.me\/P8B8g0-15E","jetpack-related-posts":[{"id":5256,"url":"https:\/\/cref.if.ufrgs.br\/?page_id=5256","url_meta":{"origin":4194,"position":0},"title":"Oficinas e cursos","author":"admin","date":"7 de novembro de 2017","format":false,"excerpt":"Promo\u00e7\u00f5es do CREF ou com apoio CREF \u00a0 \u00a0 Eventos ocorridos Curso Astrof\u00edsica contempor\u00e2nea sob um vi\u00e9s hist\u00f3rico e epistemol\u00f3gico Ministrante: Prof. Dr. Nathan Willig Lima e Prof. Dr. Allan Alves Brito (PPGEnFis\/IF\/UFRGS) Datas: 24\/04\/2019 a 26\/04\/2019, das 13h30min \u00e0s 17h30min. Local: IF-UFRGS Porto Alegre Oficina Oficina: Metodologia para o\u2026","rel":"","context":"Post similar","block_context":{"text":"Post similar","link":""},"img":{"alt_text":"","src":"","width":0,"height":0},"classes":[]},{"id":5252,"url":"https:\/\/cref.if.ufrgs.br\/?page_id=5252","url_meta":{"origin":4194,"position":1},"title":"Palestras, Seminarios &#038; Col\u00f3quios","author":"admin","date":"7 de novembro de 2017","format":false,"excerpt":"Promo\u00e7\u00f5es do CREF ou com apoio CREF \u00a0 Eventos ocorridos Palestra F\u00edsica Moderna no Ensino M\u00e9dio: dificuldades epistemol\u00f3gicas Ministrante: Professora Dra. Fabiana Botelho Kneubil (Instituto Educacional Futuro da Ci\u00eancia) 26\/06\/2019; 14h Local: Anfiteatro Antonio Cabral Promo\u00e7\u00e3o: CREF & PPGEnFis UFRGS Palestra Integra\u00e7\u00e3o Biologia, F\u00edsica e Qu\u00edmica e a Base Nacional\u2026","rel":"","context":"Post similar","block_context":{"text":"Post similar","link":""},"img":{"alt_text":"","src":"","width":0,"height":0},"classes":[]},{"id":242,"url":"https:\/\/cref.if.ufrgs.br\/?page_id=242","url_meta":{"origin":4194,"position":2},"title":"\u00cdndice de V\u00eddeos","author":"admin","date":"26 de abril de 2017","format":false,"excerpt":"CREF no YouTube O CREF est\u00e1 no YouTube. Veja mais em: https:\/\/www.if.ufrgs.br\/novocref\/?page_id=7505. Palestras dos Encontros Estaduais de Ensino de F\u00edsica (EEEF\u00eds-RS) V\u00eddeos das palestras do VII EEEF\u00eds-RS: Clique aqui.V\u00eddeos das palestras do VIII EEEF\u00eds-RS: Clique aqui. Palestras (em avi) Aten\u00e7\u00e3o: se deseja salvar os v\u00eddeos, clique com o bot\u00e3o direito\u2026","rel":"","context":"Post similar","block_context":{"text":"Post similar","link":""},"img":{"alt_text":"","src":"","width":0,"height":0},"classes":[]},{"id":276,"url":"https:\/\/cref.if.ufrgs.br\/?page_id=276","url_meta":{"origin":4194,"position":3},"title":"Todos","author":"admin","date":"26 de abril de 2017","format":false,"excerpt":"Promo\u00e7\u00f5es do CREF ou com apoio CREF \u00a0 Eventos Escola II Escola do PPGEnF\u00eds-UFRGS 08\/10\/2020 e 09\/10\/2020 Local: Evento online (detalhes no site) Organiza\u00e7\u00e3o: Leonardo Heidemann, Cl\u00e1udio Cavalcanti e Camila Collares Promo\u00e7\u00e3o: CREF & PPGEnFis UFRGS \u00a0 Eventos ocorridos Palestra F\u00edsica Moderna no Ensino M\u00e9dio: dificuldades epistemol\u00f3gicas Ministrante: Professora Dra.\u2026","rel":"","context":"Post similar","block_context":{"text":"Post similar","link":""},"img":{"alt_text":"","src":"","width":0,"height":0},"classes":[]},{"id":5254,"url":"https:\/\/cref.if.ufrgs.br\/?page_id=5254","url_meta":{"origin":4194,"position":4},"title":"Congressos, encontros e mostras","author":"admin","date":"7 de novembro de 2017","format":false,"excerpt":"Promo\u00e7\u00f5es do CREF ou com apoio CREF Eventos Encontro IX Encontro Estadual de Ensino de F\u00edsica - RS 16\/03\/2023 a 17\/03\/2023 Informa\u00e7\u00f5es em: https:\/\/ppgenfis.if.ufrgs.br\/9eeefis\/ Promo\u00e7\u00e3o: CREF & PPGEnFis UFRGS Eventos ocorridos Escola II Escola do PPGEnF\u00eds-UFRGS 08\/10\/2020 e 09\/10\/2020 Local: Evento online (detalhes no site) Organiza\u00e7\u00e3o: Leonardo Heidemann, Cl\u00e1udio Cavalcanti\u2026","rel":"","context":"Post similar","block_context":{"text":"Post similar","link":""},"img":{"alt_text":"","src":"","width":0,"height":0},"classes":[]},{"id":5260,"url":"https:\/\/cref.if.ufrgs.br\/?page_id=5260","url_meta":{"origin":4194,"position":5},"title":"Cursos EAD","author":"admin","date":"7 de novembro de 2017","format":false,"excerpt":"Promo\u00e7\u00f5es do CREF ou com apoio CREF \u00a0 Eventos em andamento Curso EAD Curso de Extens\u00e3o (EaD) Internacional para Licenciandos de F\u00edsica sobre Recursos Educacionais no Ensino de F\u00edsica Ministrante: Ives Solano Araujo & Eliane Angela Veit Inscri\u00e7\u00f5es at\u00e9 20\/04\/2018 \u00a0 Eventos ocorridos Curso EAD Curso de Especializa\u00e7\u00e3o em F\u00edsica\u2026","rel":"","context":"Post similar","block_context":{"text":"Post similar","link":""},"img":{"alt_text":"","src":"","width":0,"height":0},"classes":[]}],"_links":{"self":[{"href":"https:\/\/cref.if.ufrgs.br\/index.php?rest_route=\/wp\/v2\/pages\/4194","targetHints":{"allow":["GET"]}}],"collection":[{"href":"https:\/\/cref.if.ufrgs.br\/index.php?rest_route=\/wp\/v2\/pages"}],"about":[{"href":"https:\/\/cref.if.ufrgs.br\/index.php?rest_route=\/wp\/v2\/types\/page"}],"author":[{"embeddable":true,"href":"https:\/\/cref.if.ufrgs.br\/index.php?rest_route=\/wp\/v2\/users\/1"}],"replies":[{"embeddable":true,"href":"https:\/\/cref.if.ufrgs.br\/index.php?rest_route=%2Fwp%2Fv2%2Fcomments&post=4194"}],"version-history":[{"count":11,"href":"https:\/\/cref.if.ufrgs.br\/index.php?rest_route=\/wp\/v2\/pages\/4194\/revisions"}],"predecessor-version":[{"id":12256,"href":"https:\/\/cref.if.ufrgs.br\/index.php?rest_route=\/wp\/v2\/pages\/4194\/revisions\/12256"}],"wp:attachment":[{"href":"https:\/\/cref.if.ufrgs.br\/index.php?rest_route=%2Fwp%2Fv2%2Fmedia&parent=4194"}],"curies":[{"name":"wp","href":"https:\/\/api.w.org\/{rel}","templated":true}]}}