{"id":177,"date":"2017-04-26T13:00:28","date_gmt":"2017-04-26T16:00:28","guid":{"rendered":"https:\/\/www.if.ufrgs.br\/novocref\/?page_id=177"},"modified":"2017-08-17T11:37:24","modified_gmt":"2017-08-17T14:37:24","slug":"localizacao","status":"publish","type":"page","link":"https:\/\/cref.if.ufrgs.br\/?page_id=177","title":{"rendered":"Localiza\u00e7\u00e3o"},"content":{"rendered":"<div id=\"pl-177\" class=\"panel-layout\">\n<div id=\"pg-177-0\" class=\"panel-grid panel-no-style\">\n<div id=\"pgc-177-0-0\" class=\"panel-grid-cell\" data-weight=\"1\">\n<div id=\"panel-177-0-0-0\" class=\"so-panel widget widget_sow-editor panel-first-child panel-last-child\" data-index=\"0\" data-style=\"{&quot;background_display&quot;:&quot;tile&quot;}\">\n<div class=\"so-widget-sow-editor so-widget-sow-editor-base\">\n<div class=\"siteorigin-widget-tinymce textwidget\">\n<div id=\"coluna_loc1\">\n<div id=\"espac_loc\">\n<p><b>Endere\u00e7o<\/b><\/p>\n<p>Instituto de F\u00edsica &#8211; UFRGS<br \/>\nCampus do Vale<br \/>\nAv. Bento Gon\u00e7alves, 9500<br \/>\nBairro Agronomia<br \/>\nCaixa Postal 15051<br \/>\n91501-970 &#8211; Porto Alegre, RS<br \/>\nBrasil<\/p>\n<p>Fone:\u00a0+55-51 3308-7111<br \/>\nFax:\u00a0\u00a0\u00a0+55-51 3308-7286<\/p>\n<\/div>\n<\/div>\n<div id=\"coluna_loc2\">\n<div id=\"espac_loc\">\n<p><b>Como chegar<\/b><\/p>\n<p>Linhas de \u00f4nibus com terminal no Campus do Vale\/UFRGS:<\/p>\n<p><img data-recalc-dims=\"1\" decoding=\"async\" src=\"https:\/\/i0.wp.com\/www.if.ufrgs.br\/cref\/arquivos\/bullet.png?ssl=1\" \/>\u00a0<a href=\"http:\/\/www.carris.com.br\/default.php?reg=19&amp;p_secao=34\">D43 \u2013 Universit\u00e1ria<\/a><br \/>\n<img data-recalc-dims=\"1\" decoding=\"async\" src=\"https:\/\/i0.wp.com\/www.if.ufrgs.br\/cref\/arquivos\/bullet.png?ssl=1\" \/>\u00a0<a href=\"http:\/\/www.carris.com.br\/default.php?reg=30&amp;p_secao=34\">343 \u2013 Campus\/Ipiranga<\/a><br \/>\n<img data-recalc-dims=\"1\" decoding=\"async\" src=\"https:\/\/i0.wp.com\/www.if.ufrgs.br\/cref\/arquivos\/bullet.png?ssl=1\" \/>\u00a0<a href=\"http:\/\/www.eptc.com.br\/EPTC_Itinerarios\/Cadastro.asp?Linha=375-11&amp;Tipo=TH&amp;Veiculo=1&amp;Sentido=0&amp;Logradouro=0&amp;Action=Tabela\">375 \u2013 Agronomia<\/a><br \/>\n<img data-recalc-dims=\"1\" decoding=\"async\" src=\"https:\/\/i0.wp.com\/www.if.ufrgs.br\/cref\/arquivos\/bullet.png?ssl=1\" \/>\u00a0<a href=\"http:\/\/www.carris.com.br\/default.php?reg=4&amp;p_secao=34\">T8<\/a> e <a href=\"http:\/\/www.carris.com.br\/default.php?reg=16&amp;p_secao=34\">T10<\/a><br \/>\n<img data-recalc-dims=\"1\" decoding=\"async\" src=\"https:\/\/i0.wp.com\/www.if.ufrgs.br\/cref\/arquivos\/bullet.png?ssl=1\" \/>\u00a0<a href=\"http:\/\/www.eptc.com.br\/EPTC_Itinerarios\/Linha3.asp?cdemp=2\">Lota\u00e7\u00e3o 30.21 Partenon\/ Pinheiro\/Campus<\/a><\/p>\n<\/div>\n<\/div>\n<\/div>\n<\/div>\n<\/div>\n<\/div>\n<\/div>\n<div id=\"pg-177-1\" class=\"panel-grid panel-no-style\" data-style=\"{&quot;background_display&quot;:&quot;tile&quot;,&quot;cell_alignment&quot;:&quot;flex-start&quot;}\"><\/div>\n<\/div>\n","protected":false},"excerpt":{"rendered":"<p>Endere\u00e7o Instituto de F\u00edsica &#8211; UFRGS Campus do Vale Av. Bento Gon\u00e7alves, 9500 Bairro Agronomia Caixa Postal 15051 91501-970 &#8211; Porto Alegre, RS Brasil Fone:\u00a0+55-51 3308-7111 Fax:\u00a0\u00a0\u00a0+55-51 3308-7286 Como chegar Linhas de \u00f4nibus com terminal no Campus do Vale\/UFRGS: \u00a0D43 \u2013 Universit\u00e1ria \u00a0343 \u2013 Campus\/Ipiranga \u00a0375 \u2013 Agronomia \u00a0T8 e T10 \u00a0Lota\u00e7\u00e3o 30.21 Partenon\/ Pinheiro\/Campus<\/p>\n","protected":false},"author":1,"featured_media":0,"parent":0,"menu_order":0,"comment_status":"closed","ping_status":"closed","template":"","meta":{"footnotes":""},"class_list":["post-177","page","type-page","status-publish","hentry"],"jetpack_sharing_enabled":true,"jetpack_shortlink":"https:\/\/wp.me\/P8B8g0-2R","jetpack-related-posts":[{"id":5254,"url":"https:\/\/cref.if.ufrgs.br\/?page_id=5254","url_meta":{"origin":177,"position":0},"title":"Congressos, encontros e mostras","author":"admin","date":"7 de novembro de 2017","format":false,"excerpt":"Promo\u00e7\u00f5es do CREF ou com apoio CREF Eventos Encontro IX Encontro Estadual de Ensino de F\u00edsica - RS 16\/03\/2023 a 17\/03\/2023 Informa\u00e7\u00f5es em: https:\/\/ppgenfis.if.ufrgs.br\/9eeefis\/ Promo\u00e7\u00e3o: CREF & PPGEnFis UFRGS Eventos ocorridos Escola II Escola do PPGEnF\u00eds-UFRGS 08\/10\/2020 e 09\/10\/2020 Local: Evento online (detalhes no site) Organiza\u00e7\u00e3o: Leonardo Heidemann, Cl\u00e1udio Cavalcanti\u2026","rel":"","context":"Post similar","block_context":{"text":"Post similar","link":""},"img":{"alt_text":"","src":"","width":0,"height":0},"classes":[]},{"id":7505,"url":"https:\/\/cref.if.ufrgs.br\/?page_id=7505","url_meta":{"origin":177,"position":1},"title":"CREF no YouTube!","author":"admin","date":"8 de dezembro de 2017","format":false,"excerpt":"Veja aqui v\u00eddeos sobre temas instigantes tratados aqui no CREF! Para acessar a playlist completa, clique aqui. Os v\u00eddeos foram confeccionados com a colabora\u00e7\u00e3o do prof. Eloir De Carli, do Instituto Federal de Educa\u00e7\u00e3o, Ci\u00eancia e Tecnologia do Rio Grande do Sul (IFRS), Campus Feliz.","rel":"","context":"Post similar","block_context":{"text":"Post similar","link":""},"img":{"alt_text":"","src":"","width":0,"height":0},"classes":[]},{"id":5256,"url":"https:\/\/cref.if.ufrgs.br\/?page_id=5256","url_meta":{"origin":177,"position":2},"title":"Oficinas e cursos","author":"admin","date":"7 de novembro de 2017","format":false,"excerpt":"Promo\u00e7\u00f5es do CREF ou com apoio CREF \u00a0 \u00a0 Eventos ocorridos Curso Astrof\u00edsica contempor\u00e2nea sob um vi\u00e9s hist\u00f3rico e epistemol\u00f3gico Ministrante: Prof. Dr. Nathan Willig Lima e Prof. Dr. Allan Alves Brito (PPGEnFis\/IF\/UFRGS) Datas: 24\/04\/2019 a 26\/04\/2019, das 13h30min \u00e0s 17h30min. Local: IF-UFRGS Porto Alegre Oficina Oficina: Metodologia para o\u2026","rel":"","context":"Post similar","block_context":{"text":"Post similar","link":""},"img":{"alt_text":"","src":"","width":0,"height":0},"classes":[]},{"id":276,"url":"https:\/\/cref.if.ufrgs.br\/?page_id=276","url_meta":{"origin":177,"position":3},"title":"Todos","author":"admin","date":"26 de abril de 2017","format":false,"excerpt":"Promo\u00e7\u00f5es do CREF ou com apoio CREF \u00a0 Eventos Escola II Escola do PPGEnF\u00eds-UFRGS 08\/10\/2020 e 09\/10\/2020 Local: Evento online (detalhes no site) Organiza\u00e7\u00e3o: Leonardo Heidemann, Cl\u00e1udio Cavalcanti e Camila Collares Promo\u00e7\u00e3o: CREF & PPGEnFis UFRGS \u00a0 Eventos ocorridos Palestra F\u00edsica Moderna no Ensino M\u00e9dio: dificuldades epistemol\u00f3gicas Ministrante: Professora Dra.\u2026","rel":"","context":"Post similar","block_context":{"text":"Post similar","link":""},"img":{"alt_text":"","src":"","width":0,"height":0},"classes":[]},{"id":5252,"url":"https:\/\/cref.if.ufrgs.br\/?page_id=5252","url_meta":{"origin":177,"position":4},"title":"Palestras, Seminarios &#038; Col\u00f3quios","author":"admin","date":"7 de novembro de 2017","format":false,"excerpt":"Promo\u00e7\u00f5es do CREF ou com apoio CREF \u00a0 Eventos ocorridos Palestra F\u00edsica Moderna no Ensino M\u00e9dio: dificuldades epistemol\u00f3gicas Ministrante: Professora Dra. Fabiana Botelho Kneubil (Instituto Educacional Futuro da Ci\u00eancia) 26\/06\/2019; 14h Local: Anfiteatro Antonio Cabral Promo\u00e7\u00e3o: CREF & PPGEnFis UFRGS Palestra Integra\u00e7\u00e3o Biologia, F\u00edsica e Qu\u00edmica e a Base Nacional\u2026","rel":"","context":"Post similar","block_context":{"text":"Post similar","link":""},"img":{"alt_text":"","src":"","width":0,"height":0},"classes":[]},{"id":5260,"url":"https:\/\/cref.if.ufrgs.br\/?page_id=5260","url_meta":{"origin":177,"position":5},"title":"Cursos EAD","author":"admin","date":"7 de novembro de 2017","format":false,"excerpt":"Promo\u00e7\u00f5es do CREF ou com apoio CREF \u00a0 Eventos em andamento Curso EAD Curso de Extens\u00e3o (EaD) Internacional para Licenciandos de F\u00edsica sobre Recursos Educacionais no Ensino de F\u00edsica Ministrante: Ives Solano Araujo & Eliane Angela Veit Inscri\u00e7\u00f5es at\u00e9 20\/04\/2018 \u00a0 Eventos ocorridos Curso EAD Curso de Especializa\u00e7\u00e3o em F\u00edsica\u2026","rel":"","context":"Post similar","block_context":{"text":"Post similar","link":""},"img":{"alt_text":"","src":"","width":0,"height":0},"classes":[]}],"_links":{"self":[{"href":"https:\/\/cref.if.ufrgs.br\/index.php?rest_route=\/wp\/v2\/pages\/177","targetHints":{"allow":["GET"]}}],"collection":[{"href":"https:\/\/cref.if.ufrgs.br\/index.php?rest_route=\/wp\/v2\/pages"}],"about":[{"href":"https:\/\/cref.if.ufrgs.br\/index.php?rest_route=\/wp\/v2\/types\/page"}],"author":[{"embeddable":true,"href":"https:\/\/cref.if.ufrgs.br\/index.php?rest_route=\/wp\/v2\/users\/1"}],"replies":[{"embeddable":true,"href":"https:\/\/cref.if.ufrgs.br\/index.php?rest_route=%2Fwp%2Fv2%2Fcomments&post=177"}],"version-history":[{"count":14,"href":"https:\/\/cref.if.ufrgs.br\/index.php?rest_route=\/wp\/v2\/pages\/177\/revisions"}],"predecessor-version":[{"id":13157,"href":"https:\/\/cref.if.ufrgs.br\/index.php?rest_route=\/wp\/v2\/pages\/177\/revisions\/13157"}],"wp:attachment":[{"href":"https:\/\/cref.if.ufrgs.br\/index.php?rest_route=%2Fwp%2Fv2%2Fmedia&parent=177"}],"curies":[{"name":"wp","href":"https:\/\/api.w.org\/{rel}","templated":true}]}}